{"id":6331,"date":"2021-03-02T08:09:59","date_gmt":"2021-03-02T07:09:59","guid":{"rendered":"https:\/\/digitalyacht.de\/blog\/?page_id=6331"},"modified":"2024-04-03T09:04:12","modified_gmt":"2024-04-03T07:04:12","slug":"ueber-uns","status":"publish","type":"page","link":"https:\/\/digitalyacht.de\/blog\/ueber-uns\/","title":{"rendered":"\u00dcber uns"},"content":{"rendered":"\t<div class=\"cnvs-block-section cnvs-block-section-1712127711883 cnvs-block-section-layout-full cnvs-block-section-fullwidth\" >\n\t\t<div class=\"cnvs-block-section-outer\" style=\"\">\n\t\t\t<div class=\"cnvs-block-section-inner\">\n\t\t\t\t\n\n<div class=\"cnvs-block-section-content cnvs-block-section-content-1712127719448\" >\n\t<div class=\"cnvs-block-section-content-inner\">\n\t\t\n\n<h2 class=\"wp-block-heading\">Wer sind wir?<\/h2>\n\n\n\n<p>Digital Yacht steht f\u00fcr Bordnavigations-, Kommunikations- und Entertainment-Systeme der n\u00e4chsten Generation. Sicherheit und Spa\u00df an der Sache sollten beim Bootssport an erster Stelle stehen. Alle unsere Produkte lassen sich spielend leicht in bestehende und neue Bootstechniksysteme integrieren und er\u00f6ffnen Ihnen neue Dimensionen der Bordelektronik.<\/p>\n\n\n\n<p>Wir sind der festen \u00dcberzeugung, dass Konsumerger\u00e4te wie iPhone, Tablet, PC und Mac auch an Bord Ihren Platz haben und dazu beitragen k\u00f6nnen, \u00e4ltere Bordsysteme mit Hilfe von speziell entwickelten Marinetechnologien kosteng\u00fcnstig auf den neuesten Stand zu bringen. Wir bringen Ihnen drahtlosen Internetzugang und Navigationsdaten per Handy f\u00fcr Sie, Ihre Crew und G\u00e4ste \u2013 problemlos und preiswert.<\/p>\n\n\n\n<p>Unsere Navigationssysteme umfassen die aktuellste GPS- und Kompasstechnologie und unsere AIS-Produktpalette ist die zur Zeit umfangreichste auf dem Markt. Unsere PC- und Softwarel\u00f6sungen bieten eine Vielfalt an M\u00f6glichkeiten f\u00fcr Bordsysteme wie Kommunikation, Navigation, Entertainment, Ortung und \u00dcberwachung.<\/p>\n\n\n\n<p>Unser Designteam hat langj\u00e4hrige Erfahrung in der Entwicklung elektronischer Systeme f\u00fcr den Marinebereich. Wir blicken mit Stolz auf die Qualit\u00e4t unserer Produkte, die in Gro\u00dfbritannien hergestellt werden und mit B\u00fcros in den USA und China eine globale Reichweite erzielen. Im letzten Jahr wurden unsere Produkte weltweit in \u00fcber 100 L\u00e4ndern verkauft.<\/p>\n\n\n\n<h2 class=\"wp-block-heading\"><strong>Herstellung &amp; Technologie<\/strong><\/h2>\n\n\n\n<p>Unsere Produkte werden im Vereinigten K\u00f6nigreich und den Vereinigten Staaten entwickelt und hergestellt. Wir sind stolz darauf, Teil einer lokalen Revolution in der Herstellung von High Tech-Produkten zu sein.<\/p>\n\n\n\n<p>Unsere Technologie umfasst speziell entwickelte Positions- und Kurssensoren, Klasse A-&nbsp;und B-Sender und AIS-Empf\u00e4nger, NMEA-Netzwerkger\u00e4te sowie Produkte f\u00fcr Navigations-, Kommunikations-, Netzwerk- und \u00dcberwachungssysteme an Bord.<\/p>\n\n\n\n<p>Unsere britische Niederlassung besteht aus einer Forschungs- und Entwicklungsabteilung in der N\u00e4he von Bristol und Produktionsst\u00e4tten in Fareham und Poole.<\/p>\n\n\n\n<h2 class=\"wp-block-heading\"><strong><strong>H\u00e4ndler und Gro\u00dfh\u00e4ndler:<\/strong><\/strong><\/h2>\n\n\n\n<p>Wenn Sie unsere Produkte vertreiben m\u00f6chten, kontaktieren Sie uns bitte unter\u00a0<a href=\"mailto:info@digitalyacht.de\">info@digitalyacht.de<\/a><\/p>\n\n\n\n<h2 class=\"wp-block-heading\"><strong>Garantie:\u00a0<\/strong><\/h2>\n\n\n\n<p>Digital Yacht bietet 2 Jahre Return-to-Base-Garantie auf alle Produkte.<\/p>\n\n\t<\/div>\n<\/div>\n\n\t\t\t<\/div>\n\t\t<\/div>\n\t<\/div>\n\n\t","protected":false},"excerpt":{"rendered":"","protected":false},"author":2,"featured_media":0,"parent":0,"menu_order":0,"comment_status":"closed","ping_status":"closed","template":"template-canvas-fullwidth.php","meta":{"csco_singular_sidebar":"","csco_page_header_type":"","csco_appearance_masonry":"","csco_page_load_nextpost":"","csco_post_video_location":[],"csco_post_video_location_hash":"","csco_post_video_url":"","csco_post_video_bg_start_time":0,"csco_post_video_bg_end_time":0,"footnotes":""},"class_list":{"0":"post-6331","1":"page","2":"type-page","3":"status-publish","5":"cs-entry","6":"cs-video-wrap"},"yoast_head":"<!-- This site is optimized with the Yoast SEO plugin v22.4 - https:\/\/yoast.com\/wordpress\/plugins\/seo\/ -->\n<title>\u00dcber uns - Digital Yacht German Blog<\/title>\n<meta name=\"robots\" content=\"index, follow, max-snippet:-1, max-image-preview:large, max-video-preview:-1\" \/>\n<link rel=\"canonical\" href=\"https:\/\/digitalyacht.de\/blog\/ueber-uns\/\" \/>\n<meta property=\"og:locale\" content=\"de_DE\" \/>\n<meta property=\"og:type\" content=\"article\" \/>\n<meta property=\"og:title\" content=\"\u00dcber uns - Digital Yacht German Blog\" \/>\n<meta property=\"og:url\" content=\"https:\/\/digitalyacht.de\/blog\/ueber-uns\/\" \/>\n<meta property=\"og:site_name\" content=\"Digital Yacht German Blog\" \/>\n<meta property=\"article:modified_time\" content=\"2024-04-03T07:04:12+00:00\" \/>\n<meta name=\"twitter:card\" content=\"summary_large_image\" \/>\n<meta name=\"twitter:label1\" content=\"Gesch\u00e4tzte Lesezeit\" \/>\n\t<meta name=\"twitter:data1\" content=\"2\u00a0Minuten\" \/>\n<script type=\"application\/ld+json\" class=\"yoast-schema-graph\">{\"@context\":\"https:\/\/schema.org\",\"@graph\":[{\"@type\":\"WebPage\",\"@id\":\"https:\/\/digitalyacht.de\/blog\/ueber-uns\/\",\"url\":\"https:\/\/digitalyacht.de\/blog\/ueber-uns\/\",\"name\":\"\u00dcber uns - Digital Yacht German Blog\",\"isPartOf\":{\"@id\":\"https:\/\/digitalyacht.de\/blog\/#website\"},\"datePublished\":\"2021-03-02T07:09:59+00:00\",\"dateModified\":\"2024-04-03T07:04:12+00:00\",\"breadcrumb\":{\"@id\":\"https:\/\/digitalyacht.de\/blog\/ueber-uns\/#breadcrumb\"},\"inLanguage\":\"de\",\"potentialAction\":[{\"@type\":\"ReadAction\",\"target\":[\"https:\/\/digitalyacht.de\/blog\/ueber-uns\/\"]}]},{\"@type\":\"BreadcrumbList\",\"@id\":\"https:\/\/digitalyacht.de\/blog\/ueber-uns\/#breadcrumb\",\"itemListElement\":[{\"@type\":\"ListItem\",\"position\":1,\"name\":\"Home\",\"item\":\"https:\/\/digitalyacht.de\/blog\/\"},{\"@type\":\"ListItem\",\"position\":2,\"name\":\"\u00dcber uns\"}]},{\"@type\":\"WebSite\",\"@id\":\"https:\/\/digitalyacht.de\/blog\/#website\",\"url\":\"https:\/\/digitalyacht.de\/blog\/\",\"name\":\"Digital Yacht German Blog\",\"description\":\"\",\"potentialAction\":[{\"@type\":\"SearchAction\",\"target\":{\"@type\":\"EntryPoint\",\"urlTemplate\":\"https:\/\/digitalyacht.de\/blog\/?s={search_term_string}\"},\"query-input\":\"required name=search_term_string\"}],\"inLanguage\":\"de\"}]}<\/script>\n<!-- \/ Yoast SEO plugin. -->","yoast_head_json":{"title":"\u00dcber uns - Digital Yacht German Blog","robots":{"index":"index","follow":"follow","max-snippet":"max-snippet:-1","max-image-preview":"max-image-preview:large","max-video-preview":"max-video-preview:-1"},"canonical":"https:\/\/digitalyacht.de\/blog\/ueber-uns\/","og_locale":"de_DE","og_type":"article","og_title":"\u00dcber uns - Digital Yacht German Blog","og_url":"https:\/\/digitalyacht.de\/blog\/ueber-uns\/","og_site_name":"Digital Yacht German Blog","article_modified_time":"2024-04-03T07:04:12+00:00","twitter_card":"summary_large_image","twitter_misc":{"Gesch\u00e4tzte Lesezeit":"2\u00a0Minuten"},"schema":{"@context":"https:\/\/schema.org","@graph":[{"@type":"WebPage","@id":"https:\/\/digitalyacht.de\/blog\/ueber-uns\/","url":"https:\/\/digitalyacht.de\/blog\/ueber-uns\/","name":"\u00dcber uns - Digital Yacht German Blog","isPartOf":{"@id":"https:\/\/digitalyacht.de\/blog\/#website"},"datePublished":"2021-03-02T07:09:59+00:00","dateModified":"2024-04-03T07:04:12+00:00","breadcrumb":{"@id":"https:\/\/digitalyacht.de\/blog\/ueber-uns\/#breadcrumb"},"inLanguage":"de","potentialAction":[{"@type":"ReadAction","target":["https:\/\/digitalyacht.de\/blog\/ueber-uns\/"]}]},{"@type":"BreadcrumbList","@id":"https:\/\/digitalyacht.de\/blog\/ueber-uns\/#breadcrumb","itemListElement":[{"@type":"ListItem","position":1,"name":"Home","item":"https:\/\/digitalyacht.de\/blog\/"},{"@type":"ListItem","position":2,"name":"\u00dcber uns"}]},{"@type":"WebSite","@id":"https:\/\/digitalyacht.de\/blog\/#website","url":"https:\/\/digitalyacht.de\/blog\/","name":"Digital Yacht German Blog","description":"","potentialAction":[{"@type":"SearchAction","target":{"@type":"EntryPoint","urlTemplate":"https:\/\/digitalyacht.de\/blog\/?s={search_term_string}"},"query-input":"required name=search_term_string"}],"inLanguage":"de"}]}},"_links":{"self":[{"href":"https:\/\/digitalyacht.de\/blog\/wp-json\/wp\/v2\/pages\/6331","targetHints":{"allow":["GET"]}}],"collection":[{"href":"https:\/\/digitalyacht.de\/blog\/wp-json\/wp\/v2\/pages"}],"about":[{"href":"https:\/\/digitalyacht.de\/blog\/wp-json\/wp\/v2\/types\/page"}],"author":[{"embeddable":true,"href":"https:\/\/digitalyacht.de\/blog\/wp-json\/wp\/v2\/users\/2"}],"replies":[{"embeddable":true,"href":"https:\/\/digitalyacht.de\/blog\/wp-json\/wp\/v2\/comments?post=6331"}],"version-history":[{"count":3,"href":"https:\/\/digitalyacht.de\/blog\/wp-json\/wp\/v2\/pages\/6331\/revisions"}],"predecessor-version":[{"id":7551,"href":"https:\/\/digitalyacht.de\/blog\/wp-json\/wp\/v2\/pages\/6331\/revisions\/7551"}],"wp:attachment":[{"href":"https:\/\/digitalyacht.de\/blog\/wp-json\/wp\/v2\/media?parent=6331"}],"curies":[{"name":"wp","href":"https:\/\/api.w.org\/{rel}","templated":true}]}}